{"id":4748,"date":"2025-01-29T12:40:12","date_gmt":"2025-01-29T17:40:12","guid":{"rendered":"https:\/\/afguayaquil.org.ec\/af\/?page_id=4748"},"modified":"2025-02-03T17:56:23","modified_gmt":"2025-02-03T22:56:23","slug":"se-de-nuestro-equipo-en-la-alianza-francesa-guayaquil","status":"publish","type":"page","link":"https:\/\/afguayaquil.org.ec\/af\/se-de-nuestro-equipo-en-la-alianza-francesa-guayaquil\/","title":{"rendered":"S\u00e9 de nuestro equipo"},"content":{"rendered":"<p>[et_pb_section fb_built=\u00bb1&#8243; _builder_version=\u00bb4.27.4&#8243; _module_preset=\u00bbdefault\u00bb global_colors_info=\u00bb{}\u00bb][et_pb_row column_structure=\u00bb2_3,1_3&#8243; _builder_version=\u00bb4.27.4&#8243; _module_preset=\u00bbdefault\u00bb global_colors_info=\u00bb{}\u00bb][et_pb_column type=\u00bb2_3&#8243; _builder_version=\u00bb4.27.4&#8243; _module_preset=\u00bbdefault\u00bb global_colors_info=\u00bb{}\u00bb][et_pb_text _builder_version=\u00bb4.27.4&#8243; _module_preset=\u00bbdefault\u00bb text_font=\u00bbParis||||||||\u00bb text_text_color=\u00bb#333333&#8243; text_font_size=\u00bb52px\u00bb text_line_height=\u00bb1em\u00bb width=\u00bb101.4%\u00bb custom_padding=\u00bb|0px||||\u00bb global_colors_info=\u00bb{}\u00bb]<\/p>\n<p>\u00a1Ense\u00f1e franc\u00e9s con nosotros!<\/p>\n<p>[\/et_pb_text][et_pb_text _builder_version=\u00bb4.27.4&#8243; _module_preset=\u00bbdefault\u00bb text_font=\u00bbMontserrat-Regular||||||||\u00bb text_text_color=\u00bb#8F8F8F\u00bb text_font_size=\u00bb20px\u00bb text_line_height=\u00bb1.4em\u00bb width=\u00bb100%\u00bb custom_margin=\u00bb30px|||||\u00bb hover_enabled=\u00bb0&#8243; global_colors_info=\u00bb{}\u00bb sticky_enabled=\u00bb0&#8243;]<\/p>\n<p>En la Alianza Francesa, buscamos constantemente profesionales comprometidos con la ense\u00f1anza del franc\u00e9s. Si usted posee un nivel de franc\u00e9s C1 o superior, un diploma en Idiomas o Lenguas Extranjeras y cuenta con al menos dos a\u00f1os de experiencia docente, lo invitamos a formar parte de nuestro equipo. Valoramos la excelencia acad\u00e9mica y un enfoque pedag\u00f3gico que permita a nuestros estudiantes alcanzar un aprendizaje de calidad.<\/p>\n<p>[\/et_pb_text][\/et_pb_column][et_pb_column type=\u00bb1_3&#8243; _builder_version=\u00bb4.27.4&#8243; _module_preset=\u00bbdefault\u00bb global_colors_info=\u00bb{}\u00bb][et_pb_image src=\u00bbhttps:\/\/afguayaquil.org.ec\/af\/wp-content\/uploads\/2025\/01\/Se-profesor-de-Frances-en-nuestro-quipo-Alianza-Francesa-Guayaquil.png\u00bb title_text=\u00bbS\u00e9 profesor de Frances en nuestro quipo- Alianza Francesa Guayaquil\u00bb _builder_version=\u00bb4.27.4&#8243; _module_preset=\u00bbdefault\u00bb width=\u00bb82%\u00bb custom_margin=\u00bb|||27px||\u00bb border_radii=\u00bbon|9px|9px|9px|9px\u00bb box_shadow_style=\u00bbpreset1&#8243; global_colors_info=\u00bb{}\u00bb][\/et_pb_image][\/et_pb_column][\/et_pb_row][et_pb_row _builder_version=\u00bb4.27.4&#8243; _module_preset=\u00bbdefault\u00bb custom_margin=\u00bb71px|auto||auto||\u00bb global_colors_info=\u00bb{}\u00bb][et_pb_column type=\u00bb4_4&#8243; _builder_version=\u00bb4.27.4&#8243; _module_preset=\u00bbdefault\u00bb global_colors_info=\u00bb{}\u00bb][et_pb_text _builder_version=\u00bb4.27.4&#8243; _module_preset=\u00bbdefault\u00bb text_font=\u00bbParis||||||||\u00bb text_text_color=\u00bb#333333&#8243; text_font_size=\u00bb64px\u00bb text_line_height=\u00bb1em\u00bb text_orientation=\u00bbcenter\u00bb width=\u00bb101.4%\u00bb custom_padding=\u00bb|0px||||\u00bb global_colors_info=\u00bb{}\u00bb]<\/p>\n<p>Requisitos<\/p>\n<p>[\/et_pb_text][\/et_pb_column][\/et_pb_row][et_pb_row column_structure=\u00bb3_5,2_5&#8243; _builder_version=\u00bb4.27.4&#8243; _module_preset=\u00bbdefault\u00bb custom_margin=\u00bb-3px|auto||auto||\u00bb custom_padding=\u00bb14px|||||\u00bb global_colors_info=\u00bb{}\u00bb][et_pb_column type=\u00bb3_5&#8243; _builder_version=\u00bb4.27.4&#8243; _module_preset=\u00bbdefault\u00bb global_colors_info=\u00bb{}\u00bb][et_pb_text _builder_version=\u00bb4.27.4&#8243; _module_preset=\u00bbdefault\u00bb text_font=\u00bbMontserrat-Regular||||||||\u00bb text_text_color=\u00bb#8F8F8F\u00bb text_font_size=\u00bb20px\u00bb text_line_height=\u00bb1.4em\u00bb width=\u00bb100%\u00bb custom_margin=\u00bb6px|||||\u00bb global_colors_info=\u00bb{}\u00bb]<\/p>\n<p>Ser parte de nuestro equipo significa no solo ense\u00f1ar un idioma, sino tambi\u00e9n transmitir una cultura, inspirar a los estudiantes y acompa\u00f1arlos en su proceso de aprendizaje. En la Alianza Francesa, fomentamos un ambiente acad\u00e9mico din\u00e1mico, en el que cada docente tiene la oportunidad de innovar, perfeccionar sus m\u00e9todos pedag\u00f3gicos y formar parte de una comunidad educativa comprometida con la excelencia y el intercambio cultural.<\/p>\n<p>[\/et_pb_text][\/et_pb_column][et_pb_column type=\u00bb2_5&#8243; _builder_version=\u00bb4.27.4&#8243; _module_preset=\u00bbdefault\u00bb global_colors_info=\u00bb{}\u00bb][et_pb_image src=\u00bbhttps:\/\/afguayaquil.org.ec\/af\/wp-content\/uploads\/2025\/01\/DSC06276-scaled.jpg\u00bb title_text=\u00bbRequisitos para ser profesor de Frances- Alianza Francesa Guayaquil\u00bb _builder_version=\u00bb4.27.4&#8243; _module_preset=\u00bbdefault\u00bb border_radii=\u00bbon|9px|9px|9px|9px\u00bb box_shadow_style=\u00bbpreset1&#8243; global_colors_info=\u00bb{}\u00bb][\/et_pb_image][\/et_pb_column][\/et_pb_row][et_pb_row column_structure=\u00bb2_5,3_5&#8243; _builder_version=\u00bb4.27.4&#8243; _module_preset=\u00bbdefault\u00bb custom_margin=\u00bb52px|auto||auto||\u00bb global_colors_info=\u00bb{}\u00bb][et_pb_column type=\u00bb2_5&#8243; _builder_version=\u00bb4.27.4&#8243; _module_preset=\u00bbdefault\u00bb global_colors_info=\u00bb{}\u00bb][et_pb_image src=\u00bbhttps:\/\/afguayaquil.org.ec\/af\/wp-content\/uploads\/2025\/01\/DSC3598-scaled.jpg\u00bb title_text=\u00bbRequisitos para ser profesor de Frances- Alianza Francesa Guayaquil\u00bb _builder_version=\u00bb4.27.4&#8243; _module_preset=\u00bbdefault\u00bb custom_margin=\u00bb1px|||||\u00bb border_radii=\u00bbon|9px|9px|9px|9px\u00bb box_shadow_style=\u00bbpreset1&#8243; global_colors_info=\u00bb{}\u00bb][\/et_pb_image][\/et_pb_column][et_pb_column type=\u00bb3_5&#8243; _builder_version=\u00bb4.27.4&#8243; _module_preset=\u00bbdefault\u00bb global_colors_info=\u00bb{}\u00bb][et_pb_text _builder_version=\u00bb4.27.4&#8243; _module_preset=\u00bbdefault\u00bb text_font=\u00bbMontserrat-Regular||||||||\u00bb text_text_color=\u00bb#8F8F8F\u00bb text_font_size=\u00bb20px\u00bb text_line_height=\u00bb1.4em\u00bb width=\u00bb100%\u00bb custom_margin=\u00bb7px|||||\u00bb hover_enabled=\u00bb0&#8243; global_colors_info=\u00bb{}\u00bb sticky_enabled=\u00bb0&#8243;]<\/p>\n<p>Para postularse, env\u00edenos su hoja de vida junto con una carta de motivaci\u00f3n en la que nos comparta su inter\u00e9s en unirse a nuestra instituci\u00f3n. En esta carta, nos gustar\u00eda conocer por qu\u00e9 desea formar parte de nuestro equipo, cu\u00e1les son sus principales fortalezas y qu\u00e9 puede aportar a la Alianza Francesa. Si est\u00e1 interesado en contribuir al desarrollo de la ense\u00f1anza del franc\u00e9s en un entorno din\u00e1mico y enriquecedor, esperamos su postulaci\u00f3n. \u00a1Contamos con su talento y vocaci\u00f3n!<\/p>\n<p>[\/et_pb_text][\/et_pb_column][\/et_pb_row][\/et_pb_section][et_pb_section fb_built=\u00bb1&#8243; _builder_version=\u00bb4.27.4&#8243; _module_preset=\u00bbdefault\u00bb global_colors_info=\u00bb{}\u00bb][et_pb_row _builder_version=\u00bb4.27.4&#8243; _module_preset=\u00bbdefault\u00bb custom_padding=\u00bb13px|||||\u00bb global_colors_info=\u00bb{}\u00bb][et_pb_column type=\u00bb4_4&#8243; _builder_version=\u00bb4.27.4&#8243; _module_preset=\u00bbdefault\u00bb global_colors_info=\u00bb{}\u00bb][et_pb_button button_url=\u00bbhttp:\/\/info@afguayaquil.org.ec\u00bb url_new_window=\u00bbon\u00bb button_text=\u00bbSubir documentos \u00bb button_alignment=\u00bbcenter\u00bb _builder_version=\u00bb4.27.4&#8243; custom_button=\u00bbon\u00bb button_text_size=\u00bb16px\u00bb button_text_color=\u00bb#FFFFFF\u00bb button_bg_color=\u00bb#E0261D\u00bb button_border_width=\u00bb2px\u00bb button_border_color=\u00bb#E0261D\u00bb button_border_radius=\u00bb27px\u00bb button_letter_spacing=\u00bb1px\u00bb button_font=\u00bbMontserrat-Regular|500||on|||||\u00bb button_icon=\u00bb&#x49;||divi||400&#8243; button_icon_color=\u00bb#FFFFFF\u00bb custom_padding=\u00bb5px|30px|5px|30px|true|true\u00bb animation_style=\u00bbzoom\u00bb button_letter_spacing_hover=\u00bb1px\u00bb global_colors_info=\u00bb{}\u00bb button_text_size__hover_enabled=\u00bboff\u00bb button_one_text_size__hover_enabled=\u00bboff\u00bb button_two_text_size__hover_enabled=\u00bboff\u00bb button_text_color__hover_enabled=\u00bboff\u00bb button_one_text_color__hover_enabled=\u00bboff\u00bb button_two_text_color__hover_enabled=\u00bboff\u00bb button_border_width__hover_enabled=\u00bboff\u00bb button_one_border_width__hover_enabled=\u00bboff\u00bb button_two_border_width__hover_enabled=\u00bboff\u00bb button_border_color__hover_enabled=\u00bboff\u00bb button_one_border_color__hover_enabled=\u00bboff\u00bb button_two_border_color__hover_enabled=\u00bboff\u00bb button_border_radius__hover_enabled=\u00bboff\u00bb button_one_border_radius__hover_enabled=\u00bboff\u00bb button_two_border_radius__hover_enabled=\u00bboff\u00bb button_letter_spacing__hover_enabled=\u00bbon\u00bb button_letter_spacing__hover=\u00bb1px\u00bb button_one_letter_spacing__hover_enabled=\u00bboff\u00bb button_two_letter_spacing__hover_enabled=\u00bboff\u00bb button_bg_color__hover_enabled=\u00bboff\u00bb button_one_bg_color__hover_enabled=\u00bboff\u00bb button_two_bg_color__hover_enabled=\u00bboff\u00bb][\/et_pb_button][\/et_pb_column][\/et_pb_row][\/et_pb_section]<\/p>\n","protected":false},"excerpt":{"rendered":"<p>\u00a1Ense\u00f1e franc\u00e9s con nosotros!En la Alianza Francesa, buscamos constantemente profesionales comprometidos con la ense\u00f1anza del franc\u00e9s. Si usted posee un nivel de franc\u00e9s C1 o superior, un diploma en Idiomas [&hellip;]<\/p>\n","protected":false},"author":2,"featured_media":0,"parent":0,"menu_order":0,"comment_status":"closed","ping_status":"closed","template":"","meta":{"_et_pb_use_builder":"on","_et_pb_old_content":"","_et_gb_content_width":"","footnotes":""},"class_list":["post-4748","page","type-page","status-publish","hentry"],"yoast_head":"<!-- This site is optimized with the Yoast SEO Premium plugin v25.0 (Yoast SEO v27.5) - https:\/\/yoast.com\/product\/yoast-seo-premium-wordpress\/ -->\n<title>S\u00e9 de nuestro equipo - Alianza Francesa de Guayaquil<\/title>\n<meta name=\"robots\" content=\"index, follow, max-snippet:-1, max-image-preview:large, max-video-preview:-1\" \/>\n<link rel=\"canonical\" href=\"https:\/\/afguayaquil.org.ec\/af\/se-de-nuestro-equipo-en-la-alianza-francesa-guayaquil\/\" \/>\n<meta property=\"og:locale\" content=\"es_ES\" \/>\n<meta property=\"og:type\" content=\"article\" \/>\n<meta property=\"og:title\" content=\"S\u00e9 de nuestro equipo\" \/>\n<meta property=\"og:description\" content=\"\u00a1Ense\u00f1e franc\u00e9s con nosotros!En la Alianza Francesa, buscamos constantemente profesionales comprometidos con la ense\u00f1anza del franc\u00e9s. Si usted posee un nivel de franc\u00e9s C1 o superior, un diploma en Idiomas [&hellip;]\" \/>\n<meta property=\"og:url\" content=\"https:\/\/afguayaquil.org.ec\/af\/se-de-nuestro-equipo-en-la-alianza-francesa-guayaquil\/\" \/>\n<meta property=\"og:site_name\" content=\"Alianza Francesa de Guayaquil\" \/>\n<meta property=\"article:publisher\" content=\"https:\/\/www.facebook.com\/afguayaquil?mibextid=ZbWKwL\" \/>\n<meta property=\"article:modified_time\" content=\"2025-02-03T22:56:23+00:00\" \/>\n<meta name=\"twitter:card\" content=\"summary_large_image\" \/>\n<script type=\"application\/ld+json\" class=\"yoast-schema-graph\">{\"@context\":\"https:\\\/\\\/schema.org\",\"@graph\":[{\"@type\":\"WebPage\",\"@id\":\"https:\\\/\\\/afguayaquil.org.ec\\\/af\\\/se-de-nuestro-equipo-en-la-alianza-francesa-guayaquil\\\/\",\"url\":\"https:\\\/\\\/afguayaquil.org.ec\\\/af\\\/se-de-nuestro-equipo-en-la-alianza-francesa-guayaquil\\\/\",\"name\":\"S\u00e9 de nuestro equipo - Alianza Francesa de Guayaquil\",\"isPartOf\":{\"@id\":\"https:\\\/\\\/afguayaquil.org.ec\\\/af\\\/#website\"},\"datePublished\":\"2025-01-29T17:40:12+00:00\",\"dateModified\":\"2025-02-03T22:56:23+00:00\",\"breadcrumb\":{\"@id\":\"https:\\\/\\\/afguayaquil.org.ec\\\/af\\\/se-de-nuestro-equipo-en-la-alianza-francesa-guayaquil\\\/#breadcrumb\"},\"inLanguage\":\"es\",\"potentialAction\":[{\"@type\":\"ReadAction\",\"target\":[\"https:\\\/\\\/afguayaquil.org.ec\\\/af\\\/se-de-nuestro-equipo-en-la-alianza-francesa-guayaquil\\\/\"]}]},{\"@type\":\"BreadcrumbList\",\"@id\":\"https:\\\/\\\/afguayaquil.org.ec\\\/af\\\/se-de-nuestro-equipo-en-la-alianza-francesa-guayaquil\\\/#breadcrumb\",\"itemListElement\":[{\"@type\":\"ListItem\",\"position\":1,\"name\":\"Portada\",\"item\":\"https:\\\/\\\/afguayaquil.org.ec\\\/af\\\/\"},{\"@type\":\"ListItem\",\"position\":2,\"name\":\"S\u00e9 de nuestro equipo\"}]},{\"@type\":\"WebSite\",\"@id\":\"https:\\\/\\\/afguayaquil.org.ec\\\/af\\\/#website\",\"url\":\"https:\\\/\\\/afguayaquil.org.ec\\\/af\\\/\",\"name\":\"Alianza Francesa de Guayaquil\",\"description\":\"Aprende Frances, cursos de frances, clases de frances, idioma frances, cultura francesa, hablar frances\",\"publisher\":{\"@id\":\"https:\\\/\\\/afguayaquil.org.ec\\\/af\\\/#organization\"},\"alternateName\":\"Cursos de frances\",\"potentialAction\":[{\"@type\":\"SearchAction\",\"target\":{\"@type\":\"EntryPoint\",\"urlTemplate\":\"https:\\\/\\\/afguayaquil.org.ec\\\/af\\\/?s={search_term_string}\"},\"query-input\":{\"@type\":\"PropertyValueSpecification\",\"valueRequired\":true,\"valueName\":\"search_term_string\"}}],\"inLanguage\":\"es\"},{\"@type\":\"Organization\",\"@id\":\"https:\\\/\\\/afguayaquil.org.ec\\\/af\\\/#organization\",\"name\":\"Alianza Francesa de Guayaquil\",\"alternateName\":\"Cursos de frances guayaquil\",\"url\":\"https:\\\/\\\/afguayaquil.org.ec\\\/af\\\/\",\"logo\":{\"@type\":\"ImageObject\",\"inLanguage\":\"es\",\"@id\":\"https:\\\/\\\/afguayaquil.org.ec\\\/af\\\/#\\\/schema\\\/logo\\\/image\\\/\",\"url\":\"https:\\\/\\\/afguayaquil.org.ec\\\/af\\\/wp-content\\\/uploads\\\/2024\\\/10\\\/logoaf.png\",\"contentUrl\":\"https:\\\/\\\/afguayaquil.org.ec\\\/af\\\/wp-content\\\/uploads\\\/2024\\\/10\\\/logoaf.png\",\"width\":125,\"height\":125,\"caption\":\"Alianza Francesa de Guayaquil\"},\"image\":{\"@id\":\"https:\\\/\\\/afguayaquil.org.ec\\\/af\\\/#\\\/schema\\\/logo\\\/image\\\/\"},\"sameAs\":[\"https:\\\/\\\/www.facebook.com\\\/afguayaquil?mibextid=ZbWKwL\",\"https:\\\/\\\/www.instagram.com\\\/afguayaquil?igsh=anE5M2Nyc3g5OTI=\",\"https:\\\/\\\/www.tiktok.com\\\/@afguayaquil?_t=8rcDNvQXJTk&_r=1\"]}]}<\/script>\n<!-- \/ Yoast SEO Premium plugin. -->","yoast_head_json":{"title":"S\u00e9 de nuestro equipo - Alianza Francesa de Guayaquil","robots":{"index":"index","follow":"follow","max-snippet":"max-snippet:-1","max-image-preview":"max-image-preview:large","max-video-preview":"max-video-preview:-1"},"canonical":"https:\/\/afguayaquil.org.ec\/af\/se-de-nuestro-equipo-en-la-alianza-francesa-guayaquil\/","og_locale":"es_ES","og_type":"article","og_title":"S\u00e9 de nuestro equipo","og_description":"\u00a1Ense\u00f1e franc\u00e9s con nosotros!En la Alianza Francesa, buscamos constantemente profesionales comprometidos con la ense\u00f1anza del franc\u00e9s. Si usted posee un nivel de franc\u00e9s C1 o superior, un diploma en Idiomas [&hellip;]","og_url":"https:\/\/afguayaquil.org.ec\/af\/se-de-nuestro-equipo-en-la-alianza-francesa-guayaquil\/","og_site_name":"Alianza Francesa de Guayaquil","article_publisher":"https:\/\/www.facebook.com\/afguayaquil?mibextid=ZbWKwL","article_modified_time":"2025-02-03T22:56:23+00:00","twitter_card":"summary_large_image","schema":{"@context":"https:\/\/schema.org","@graph":[{"@type":"WebPage","@id":"https:\/\/afguayaquil.org.ec\/af\/se-de-nuestro-equipo-en-la-alianza-francesa-guayaquil\/","url":"https:\/\/afguayaquil.org.ec\/af\/se-de-nuestro-equipo-en-la-alianza-francesa-guayaquil\/","name":"S\u00e9 de nuestro equipo - Alianza Francesa de Guayaquil","isPartOf":{"@id":"https:\/\/afguayaquil.org.ec\/af\/#website"},"datePublished":"2025-01-29T17:40:12+00:00","dateModified":"2025-02-03T22:56:23+00:00","breadcrumb":{"@id":"https:\/\/afguayaquil.org.ec\/af\/se-de-nuestro-equipo-en-la-alianza-francesa-guayaquil\/#breadcrumb"},"inLanguage":"es","potentialAction":[{"@type":"ReadAction","target":["https:\/\/afguayaquil.org.ec\/af\/se-de-nuestro-equipo-en-la-alianza-francesa-guayaquil\/"]}]},{"@type":"BreadcrumbList","@id":"https:\/\/afguayaquil.org.ec\/af\/se-de-nuestro-equipo-en-la-alianza-francesa-guayaquil\/#breadcrumb","itemListElement":[{"@type":"ListItem","position":1,"name":"Portada","item":"https:\/\/afguayaquil.org.ec\/af\/"},{"@type":"ListItem","position":2,"name":"S\u00e9 de nuestro equipo"}]},{"@type":"WebSite","@id":"https:\/\/afguayaquil.org.ec\/af\/#website","url":"https:\/\/afguayaquil.org.ec\/af\/","name":"Alianza Francesa de Guayaquil","description":"Aprende Frances, cursos de frances, clases de frances, idioma frances, cultura francesa, hablar frances","publisher":{"@id":"https:\/\/afguayaquil.org.ec\/af\/#organization"},"alternateName":"Cursos de frances","potentialAction":[{"@type":"SearchAction","target":{"@type":"EntryPoint","urlTemplate":"https:\/\/afguayaquil.org.ec\/af\/?s={search_term_string}"},"query-input":{"@type":"PropertyValueSpecification","valueRequired":true,"valueName":"search_term_string"}}],"inLanguage":"es"},{"@type":"Organization","@id":"https:\/\/afguayaquil.org.ec\/af\/#organization","name":"Alianza Francesa de Guayaquil","alternateName":"Cursos de frances guayaquil","url":"https:\/\/afguayaquil.org.ec\/af\/","logo":{"@type":"ImageObject","inLanguage":"es","@id":"https:\/\/afguayaquil.org.ec\/af\/#\/schema\/logo\/image\/","url":"https:\/\/afguayaquil.org.ec\/af\/wp-content\/uploads\/2024\/10\/logoaf.png","contentUrl":"https:\/\/afguayaquil.org.ec\/af\/wp-content\/uploads\/2024\/10\/logoaf.png","width":125,"height":125,"caption":"Alianza Francesa de Guayaquil"},"image":{"@id":"https:\/\/afguayaquil.org.ec\/af\/#\/schema\/logo\/image\/"},"sameAs":["https:\/\/www.facebook.com\/afguayaquil?mibextid=ZbWKwL","https:\/\/www.instagram.com\/afguayaquil?igsh=anE5M2Nyc3g5OTI=","https:\/\/www.tiktok.com\/@afguayaquil?_t=8rcDNvQXJTk&_r=1"]}]}},"_links":{"self":[{"href":"https:\/\/afguayaquil.org.ec\/af\/wp-json\/wp\/v2\/pages\/4748","targetHints":{"allow":["GET"]}}],"collection":[{"href":"https:\/\/afguayaquil.org.ec\/af\/wp-json\/wp\/v2\/pages"}],"about":[{"href":"https:\/\/afguayaquil.org.ec\/af\/wp-json\/wp\/v2\/types\/page"}],"author":[{"embeddable":true,"href":"https:\/\/afguayaquil.org.ec\/af\/wp-json\/wp\/v2\/users\/2"}],"replies":[{"embeddable":true,"href":"https:\/\/afguayaquil.org.ec\/af\/wp-json\/wp\/v2\/comments?post=4748"}],"version-history":[{"count":19,"href":"https:\/\/afguayaquil.org.ec\/af\/wp-json\/wp\/v2\/pages\/4748\/revisions"}],"predecessor-version":[{"id":5152,"href":"https:\/\/afguayaquil.org.ec\/af\/wp-json\/wp\/v2\/pages\/4748\/revisions\/5152"}],"wp:attachment":[{"href":"https:\/\/afguayaquil.org.ec\/af\/wp-json\/wp\/v2\/media?parent=4748"}],"curies":[{"name":"wp","href":"https:\/\/api.w.org\/{rel}","templated":true}]}}